{"id":686,"date":"2020-04-08T00:17:13","date_gmt":"2020-04-08T03:17:13","guid":{"rendered":"https:\/\/atomic-temporary-168566250.wpcomstaging.com\/?page_id=686"},"modified":"2024-08-06T00:00:05","modified_gmt":"2024-08-06T00:00:05","slug":"equipo-silisqui-odontologia","status":"publish","type":"page","link":"https:\/\/silisquiodontologia.com\/?page_id=686","title":{"rendered":"QUIENES SOMOS"},"content":{"rendered":"\t\t<div data-elementor-type=\"wp-page\" data-elementor-id=\"686\" class=\"elementor elementor-686\">\n\t\t\t\t\t\t\t\t\t<section class=\"elementor-section elementor-top-section elementor-element elementor-element-3408184 elementor-section-boxed elementor-section-height-default elementor-section-height-default\" data-id=\"3408184\" data-element_type=\"section\">\n\t\t\t\t\t\t<div class=\"elementor-container elementor-column-gap-default\">\n\t\t\t\t\t<div class=\"elementor-column elementor-col-100 elementor-top-column elementor-element elementor-element-970243f\" data-id=\"970243f\" data-element_type=\"column\">\n\t\t\t<div class=\"elementor-widget-wrap elementor-element-populated\">\n\t\t\t\t\t\t\t\t<div class=\"elementor-element elementor-element-81b978d elementor-widget elementor-widget-heading\" data-id=\"81b978d\" data-element_type=\"widget\" data-widget_type=\"heading.default\">\n\t\t\t\t<div class=\"elementor-widget-container\">\n\t\t\t<style>\/*! elementor - v3.6.6 - 08-06-2022 *\/\n.elementor-heading-title{padding:0;margin:0;line-height:1}.elementor-widget-heading .elementor-heading-title[class*=elementor-size-]>a{color:inherit;font-size:inherit;line-height:inherit}.elementor-widget-heading .elementor-heading-title.elementor-size-small{font-size:15px}.elementor-widget-heading .elementor-heading-title.elementor-size-medium{font-size:19px}.elementor-widget-heading .elementor-heading-title.elementor-size-large{font-size:29px}.elementor-widget-heading .elementor-heading-title.elementor-size-xl{font-size:39px}.elementor-widget-heading .elementor-heading-title.elementor-size-xxl{font-size:59px}<\/style><h2 class=\"elementor-heading-title elementor-size-large\"><b style=\"\">SILISQUI Odontolog\u00eda<\/b><\/h2>\t\t<\/div>\n\t\t\t\t<\/div>\n\t\t\t\t\t<\/div>\n\t\t<\/div>\n\t\t\t\t\t\t\t<\/div>\n\t\t<\/section>\n\t\t\t\t<section class=\"elementor-section elementor-top-section elementor-element elementor-element-c809436 elementor-section-boxed elementor-section-height-default elementor-section-height-default\" data-id=\"c809436\" data-element_type=\"section\">\n\t\t\t\t\t\t<div class=\"elementor-container elementor-column-gap-default\">\n\t\t\t\t\t<div class=\"elementor-column elementor-col-100 elementor-top-column elementor-element elementor-element-f878b16\" data-id=\"f878b16\" data-element_type=\"column\">\n\t\t\t<div class=\"elementor-widget-wrap elementor-element-populated\">\n\t\t\t\t\t\t\t\t<div class=\"elementor-element elementor-element-1a2b0e4 elementor-widget elementor-widget-text-editor\" data-id=\"1a2b0e4\" data-element_type=\"widget\" data-widget_type=\"text-editor.default\">\n\t\t\t\t<div class=\"elementor-widget-container\">\n\t\t\t<style>\/*! elementor - v3.6.6 - 08-06-2022 *\/\n.elementor-widget-text-editor.elementor-drop-cap-view-stacked .elementor-drop-cap{background-color:#818a91;color:#fff}.elementor-widget-text-editor.elementor-drop-cap-view-framed .elementor-drop-cap{color:#818a91;border:3px solid;background-color:transparent}.elementor-widget-text-editor:not(.elementor-drop-cap-view-default) .elementor-drop-cap{margin-top:8px}.elementor-widget-text-editor:not(.elementor-drop-cap-view-default) .elementor-drop-cap-letter{width:1em;height:1em}.elementor-widget-text-editor .elementor-drop-cap{float:left;text-align:center;line-height:1;font-size:50px}.elementor-widget-text-editor .elementor-drop-cap-letter{display:inline-block}<\/style>\t\t\t\t<p style=\"text-align: center;\">Un grupo de profesionales con talento, honestidad, destreza y experiencia. Con atenci\u00f3n personalizada, porque cada paciente es diferente. El objetivo es brindar un trato de alta calidad y explicaciones f\u00e1ciles de entender.\u00a0<\/p>\n<p style=\"text-align: center;\"><span style=\"font-family: Lato, sans-serif; font-size: 16px; font-style: normal; font-variant-ligatures: normal; font-variant-caps: normal; font-weight: 400;\">Nos encanta lo que hacemos, y lo hacemos con Pasi\u00f3n.<\/span><\/p>\t\t\t\t\t\t<\/div>\n\t\t\t\t<\/div>\n\t\t\t\t\t<\/div>\n\t\t<\/div>\n\t\t\t\t\t\t\t<\/div>\n\t\t<\/section>\n\t\t\t\t<section class=\"elementor-section elementor-top-section elementor-element elementor-element-141f357 elementor-section-boxed elementor-section-height-default elementor-section-height-default\" data-id=\"141f357\" data-element_type=\"section\">\n\t\t\t\t\t\t<div class=\"elementor-container elementor-column-gap-default\">\n\t\t\t\t\t<div class=\"elementor-column elementor-col-100 elementor-top-column elementor-element elementor-element-6e980a4\" data-id=\"6e980a4\" data-element_type=\"column\">\n\t\t\t<div class=\"elementor-widget-wrap elementor-element-populated\">\n\t\t\t\t\t\t\t\t<div class=\"elementor-element elementor-element-58ea51e elementor-widget elementor-widget-image\" data-id=\"58ea51e\" data-element_type=\"widget\" data-widget_type=\"image.default\">\n\t\t\t\t<div class=\"elementor-widget-container\">\n\t\t\t<style>\/*! elementor - v3.6.6 - 08-06-2022 *\/\n.elementor-widget-image{text-align:center}.elementor-widget-image a{display:inline-block}.elementor-widget-image a img[src$=\".svg\"]{width:48px}.elementor-widget-image img{vertical-align:middle;display:inline-block}<\/style>\t\t\t\t\t\t\t\t\t\t\t\t<img loading=\"lazy\" decoding=\"async\" width=\"642\" height=\"300\" src=\"https:\/\/silisquiodontologia.com\/wp-content\/uploads\/2024\/08\/Picsart-2-642x300.jpg\" class=\"attachment-featured size-featured\" alt=\"\" srcset=\"https:\/\/silisquiodontologia.com\/wp-content\/uploads\/2024\/08\/Picsart-2-642x300.jpg 642w, https:\/\/silisquiodontologia.com\/wp-content\/uploads\/2024\/08\/Picsart-2-750x350.jpg 750w\" sizes=\"auto, (max-width: 642px) 100vw, 642px\" \/>\t\t\t\t\t\t\t\t\t\t\t\t\t\t\t<\/div>\n\t\t\t\t<\/div>\n\t\t\t\t\t<\/div>\n\t\t<\/div>\n\t\t\t\t\t\t\t<\/div>\n\t\t<\/section>\n\t\t\t\t<section class=\"elementor-section elementor-top-section elementor-element elementor-element-180257a elementor-section-boxed elementor-section-height-default elementor-section-height-default\" data-id=\"180257a\" data-element_type=\"section\">\n\t\t\t\t\t\t<div class=\"elementor-container elementor-column-gap-default\">\n\t\t\t\t\t<div class=\"elementor-column elementor-col-100 elementor-top-column elementor-element elementor-element-4dfaec9\" data-id=\"4dfaec9\" data-element_type=\"column\">\n\t\t\t<div class=\"elementor-widget-wrap elementor-element-populated\">\n\t\t\t\t\t\t\t\t<div class=\"elementor-element elementor-element-182dc3a elementor-widget elementor-widget-heading\" data-id=\"182dc3a\" data-element_type=\"widget\" data-widget_type=\"heading.default\">\n\t\t\t\t<div class=\"elementor-widget-container\">\n\t\t\t<h2 class=\"elementor-heading-title elementor-size-large\"><b>Nuestras premisas<\/b><\/h2>\t\t<\/div>\n\t\t\t\t<\/div>\n\t\t\t\t\t<\/div>\n\t\t<\/div>\n\t\t\t\t\t\t\t<\/div>\n\t\t<\/section>\n\t\t\t\t<section class=\"elementor-section elementor-top-section elementor-element elementor-element-8b1c3ed elementor-section-boxed elementor-section-height-default elementor-section-height-default\" data-id=\"8b1c3ed\" data-element_type=\"section\">\n\t\t\t\t\t\t<div class=\"elementor-container elementor-column-gap-default\">\n\t\t\t\t\t<div class=\"elementor-column elementor-col-100 elementor-top-column elementor-element elementor-element-565f5d8\" data-id=\"565f5d8\" data-element_type=\"column\">\n\t\t\t<div class=\"elementor-widget-wrap elementor-element-populated\">\n\t\t\t\t\t\t\t\t<div class=\"elementor-element elementor-element-d916e24 elementor-widget elementor-widget-text-editor\" data-id=\"d916e24\" data-element_type=\"widget\" data-widget_type=\"text-editor.default\">\n\t\t\t\t<div class=\"elementor-widget-container\">\n\t\t\t\t\t\t\t<p style=\"text-align: center;\">Como Premisas fundamentales proponemos\u00a0 Conocimiento, Honestidad, Experiencia, Destreza y Pasi\u00f3n Por la Odontolog\u00eda, dedicados a nuestros pacientes, y para que <b>usted\u00a0<\/b>tambi\u00e9n sea UN PACIENTE FEL\u00cdZ. \u00a1SI, UN PACIENTE FEL\u00cdZ!!!.<\/p>\t\t\t\t\t\t<\/div>\n\t\t\t\t<\/div>\n\t\t\t\t\t<\/div>\n\t\t<\/div>\n\t\t\t\t\t\t\t<\/div>\n\t\t<\/section>\n\t\t\t\t<section class=\"elementor-section elementor-top-section elementor-element elementor-element-543a453 elementor-section-boxed elementor-section-height-default elementor-section-height-default\" data-id=\"543a453\" data-element_type=\"section\">\n\t\t\t\t\t\t<div class=\"elementor-container elementor-column-gap-default\">\n\t\t\t\t\t<div class=\"elementor-column elementor-col-33 elementor-top-column elementor-element elementor-element-0be6bd0\" data-id=\"0be6bd0\" data-element_type=\"column\">\n\t\t\t<div class=\"elementor-widget-wrap elementor-element-populated\">\n\t\t\t\t\t\t\t\t<div class=\"elementor-element elementor-element-7d788b6 elementor-widget elementor-widget-heading\" data-id=\"7d788b6\" data-element_type=\"widget\" data-widget_type=\"heading.default\">\n\t\t\t\t<div class=\"elementor-widget-container\">\n\t\t\t<h2 class=\"elementor-heading-title elementor-size-default\">Conocimiento<\/h2>\t\t<\/div>\n\t\t\t\t<\/div>\n\t\t\t\t\t<\/div>\n\t\t<\/div>\n\t\t\t\t<div class=\"elementor-column elementor-col-33 elementor-top-column elementor-element elementor-element-fd77c14\" data-id=\"fd77c14\" data-element_type=\"column\">\n\t\t\t<div class=\"elementor-widget-wrap elementor-element-populated\">\n\t\t\t\t\t\t\t\t<div class=\"elementor-element elementor-element-d0658f3 elementor-widget elementor-widget-heading\" data-id=\"d0658f3\" data-element_type=\"widget\" data-widget_type=\"heading.default\">\n\t\t\t\t<div class=\"elementor-widget-container\">\n\t\t\t<h2 class=\"elementor-heading-title elementor-size-default\">Experiencia<\/h2>\t\t<\/div>\n\t\t\t\t<\/div>\n\t\t\t\t\t<\/div>\n\t\t<\/div>\n\t\t\t\t<div class=\"elementor-column elementor-col-33 elementor-top-column elementor-element elementor-element-abfd7ab\" data-id=\"abfd7ab\" data-element_type=\"column\">\n\t\t\t<div class=\"elementor-widget-wrap elementor-element-populated\">\n\t\t\t\t\t\t\t\t<div class=\"elementor-element elementor-element-90c6164 elementor-widget elementor-widget-heading\" data-id=\"90c6164\" data-element_type=\"widget\" data-widget_type=\"heading.default\">\n\t\t\t\t<div class=\"elementor-widget-container\">\n\t\t\t<h2 class=\"elementor-heading-title elementor-size-default\">Honestidad<\/h2>\t\t<\/div>\n\t\t\t\t<\/div>\n\t\t\t\t\t<\/div>\n\t\t<\/div>\n\t\t\t\t\t\t\t<\/div>\n\t\t<\/section>\n\t\t\t\t<section class=\"elementor-section elementor-top-section elementor-element elementor-element-0594700 elementor-section-boxed elementor-section-height-default elementor-section-height-default\" data-id=\"0594700\" data-element_type=\"section\">\n\t\t\t\t\t\t<div class=\"elementor-container elementor-column-gap-default\">\n\t\t\t\t\t<div class=\"elementor-column elementor-col-33 elementor-top-column elementor-element elementor-element-7fe333d\" data-id=\"7fe333d\" data-element_type=\"column\">\n\t\t\t<div class=\"elementor-widget-wrap elementor-element-populated\">\n\t\t\t\t\t\t\t\t<div class=\"elementor-element elementor-element-9735d55 elementor-widget elementor-widget-text-editor\" data-id=\"9735d55\" data-element_type=\"widget\" data-widget_type=\"text-editor.default\">\n\t\t\t\t<div class=\"elementor-widget-container\">\n\t\t\t\t\t\t\t<p style=\"text-align: center;\">Complementado a nuestro equipamiento con alta tecnolog\u00eda en equipos, instrumental, bioseguridad y materiales de \u00faltima generaci\u00f3n, garantizamos su satisfacci\u00f3n. Contamos con Experiencia y profesionales altamente capacitados.<\/p>\t\t\t\t\t\t<\/div>\n\t\t\t\t<\/div>\n\t\t\t\t\t<\/div>\n\t\t<\/div>\n\t\t\t\t<div class=\"elementor-column elementor-col-33 elementor-top-column elementor-element elementor-element-c0773b7\" data-id=\"c0773b7\" data-element_type=\"column\">\n\t\t\t<div class=\"elementor-widget-wrap elementor-element-populated\">\n\t\t\t\t\t\t\t\t<div class=\"elementor-element elementor-element-ad21ebd elementor-widget elementor-widget-text-editor\" data-id=\"ad21ebd\" data-element_type=\"widget\" data-widget_type=\"text-editor.default\">\n\t\t\t\t<div class=\"elementor-widget-container\">\n\t\t\t\t\t\t\t<p style=\"text-align: center;\">En nuestros 20 a\u00f1os de Experiencia, Nuestro objetivo es ofrecer un equilibrio entre est\u00e9tica, salud dental y Costo Real, en un ambiente confortable y buen trato.<\/p><div>\u00a0<\/div>\t\t\t\t\t\t<\/div>\n\t\t\t\t<\/div>\n\t\t\t\t\t<\/div>\n\t\t<\/div>\n\t\t\t\t<div class=\"elementor-column elementor-col-33 elementor-top-column elementor-element elementor-element-918ffc5\" data-id=\"918ffc5\" data-element_type=\"column\">\n\t\t\t<div class=\"elementor-widget-wrap elementor-element-populated\">\n\t\t\t\t\t\t\t\t<div class=\"elementor-element elementor-element-f961704 elementor-widget elementor-widget-text-editor\" data-id=\"f961704\" data-element_type=\"widget\" data-widget_type=\"text-editor.default\">\n\t\t\t\t<div class=\"elementor-widget-container\">\n\t\t\t\t\t\t\t<p style=\"text-align: center;\">Un plus, la Honestidad, Garant\u00eda y Calidad en nuestros trabajos y por sobre todo buen trato. Que eso es m\u00e1s valioso que la diferencia econ\u00f3mica.<\/p>\t\t\t\t\t\t<\/div>\n\t\t\t\t<\/div>\n\t\t\t\t\t<\/div>\n\t\t<\/div>\n\t\t\t\t\t\t\t<\/div>\n\t\t<\/section>\n\t\t\t\t<section class=\"elementor-section elementor-top-section elementor-element elementor-element-b03c3fe elementor-section-boxed elementor-section-height-default elementor-section-height-default\" data-id=\"b03c3fe\" data-element_type=\"section\">\n\t\t\t\t\t\t<div class=\"elementor-container elementor-column-gap-default\">\n\t\t\t\t\t<div class=\"elementor-column elementor-col-33 elementor-top-column elementor-element elementor-element-b845880\" data-id=\"b845880\" data-element_type=\"column\">\n\t\t\t<div class=\"elementor-widget-wrap elementor-element-populated\">\n\t\t\t\t\t\t\t\t<div class=\"elementor-element elementor-element-c7f80cb elementor-invisible elementor-widget elementor-widget-image\" data-id=\"c7f80cb\" data-element_type=\"widget\" data-settings=\"{&quot;_animation&quot;:&quot;fadeIn&quot;}\" data-widget_type=\"image.default\">\n\t\t\t\t<div class=\"elementor-widget-container\">\n\t\t\t\t\t\t\t\t\t\t\t\t\t\t\t<img loading=\"lazy\" decoding=\"async\" width=\"750\" height=\"422\" src=\"https:\/\/silisquiodontologia.com\/wp-content\/uploads\/2022\/05\/20210316_160625-1024x576.jpg\" class=\"attachment-large size-large\" alt=\"\" srcset=\"https:\/\/silisquiodontologia.com\/wp-content\/uploads\/2022\/05\/20210316_160625-1024x576.jpg 1024w, https:\/\/silisquiodontologia.com\/wp-content\/uploads\/2022\/05\/20210316_160625-300x169.jpg 300w, https:\/\/silisquiodontologia.com\/wp-content\/uploads\/2022\/05\/20210316_160625-768x432.jpg 768w, https:\/\/silisquiodontologia.com\/wp-content\/uploads\/2022\/05\/20210316_160625-1536x864.jpg 1536w, https:\/\/silisquiodontologia.com\/wp-content\/uploads\/2022\/05\/20210316_160625-2048x1152.jpg 2048w\" sizes=\"auto, (max-width: 750px) 100vw, 750px\" \/>\t\t\t\t\t\t\t\t\t\t\t\t\t\t\t<\/div>\n\t\t\t\t<\/div>\n\t\t\t\t\t<\/div>\n\t\t<\/div>\n\t\t\t\t<div class=\"elementor-column elementor-col-33 elementor-top-column elementor-element elementor-element-9dfe732\" data-id=\"9dfe732\" data-element_type=\"column\">\n\t\t\t<div class=\"elementor-widget-wrap elementor-element-populated\">\n\t\t\t\t\t\t\t\t<div class=\"elementor-element elementor-element-28acf35 elementor-invisible elementor-widget elementor-widget-image\" data-id=\"28acf35\" data-element_type=\"widget\" data-settings=\"{&quot;_animation&quot;:&quot;fadeIn&quot;}\" data-widget_type=\"image.default\">\n\t\t\t\t<div class=\"elementor-widget-container\">\n\t\t\t\t\t\t\t\t\t\t\t\t\t\t\t<img loading=\"lazy\" decoding=\"async\" width=\"750\" height=\"672\" src=\"https:\/\/silisquiodontologia.com\/wp-content\/uploads\/2022\/08\/OK-STRAUMANN-1-1024x918.jpg\" class=\"attachment-large size-large\" alt=\"\" srcset=\"https:\/\/silisquiodontologia.com\/wp-content\/uploads\/2022\/08\/OK-STRAUMANN-1-1024x918.jpg 1024w, https:\/\/silisquiodontologia.com\/wp-content\/uploads\/2022\/08\/OK-STRAUMANN-1-300x269.jpg 300w, https:\/\/silisquiodontologia.com\/wp-content\/uploads\/2022\/08\/OK-STRAUMANN-1-768x688.jpg 768w, https:\/\/silisquiodontologia.com\/wp-content\/uploads\/2022\/08\/OK-STRAUMANN-1-1536x1377.jpg 1536w, https:\/\/silisquiodontologia.com\/wp-content\/uploads\/2022\/08\/OK-STRAUMANN-1.jpg 1700w\" sizes=\"auto, (max-width: 750px) 100vw, 750px\" \/>\t\t\t\t\t\t\t\t\t\t\t\t\t\t\t<\/div>\n\t\t\t\t<\/div>\n\t\t\t\t\t<\/div>\n\t\t<\/div>\n\t\t\t\t<div class=\"elementor-column elementor-col-33 elementor-top-column elementor-element elementor-element-e6114b8\" data-id=\"e6114b8\" data-element_type=\"column\">\n\t\t\t<div class=\"elementor-widget-wrap elementor-element-populated\">\n\t\t\t\t\t\t\t\t<div class=\"elementor-element elementor-element-59cc635 elementor-invisible elementor-widget elementor-widget-image\" data-id=\"59cc635\" data-element_type=\"widget\" data-settings=\"{&quot;_animation&quot;:&quot;fadeIn&quot;}\" data-widget_type=\"image.default\">\n\t\t\t\t<div class=\"elementor-widget-container\">\n\t\t\t\t\t\t\t\t\t\t\t\t\t\t\t<img loading=\"lazy\" decoding=\"async\" width=\"750\" height=\"422\" src=\"https:\/\/silisquiodontologia.com\/wp-content\/uploads\/2023\/06\/WhatsApp-Image-2023-06-05-at-16.40.54-1024x576.jpeg\" class=\"attachment-large size-large\" alt=\"\" srcset=\"https:\/\/silisquiodontologia.com\/wp-content\/uploads\/2023\/06\/WhatsApp-Image-2023-06-05-at-16.40.54-1024x576.jpeg 1024w, https:\/\/silisquiodontologia.com\/wp-content\/uploads\/2023\/06\/WhatsApp-Image-2023-06-05-at-16.40.54-300x169.jpeg 300w, https:\/\/silisquiodontologia.com\/wp-content\/uploads\/2023\/06\/WhatsApp-Image-2023-06-05-at-16.40.54-768x432.jpeg 768w, https:\/\/silisquiodontologia.com\/wp-content\/uploads\/2023\/06\/WhatsApp-Image-2023-06-05-at-16.40.54-1536x864.jpeg 1536w, https:\/\/silisquiodontologia.com\/wp-content\/uploads\/2023\/06\/WhatsApp-Image-2023-06-05-at-16.40.54.jpeg 1600w\" sizes=\"auto, (max-width: 750px) 100vw, 750px\" \/>\t\t\t\t\t\t\t\t\t\t\t\t\t\t\t<\/div>\n\t\t\t\t<\/div>\n\t\t\t\t\t<\/div>\n\t\t<\/div>\n\t\t\t\t\t\t\t<\/div>\n\t\t<\/section>\n\t\t\t\t<section class=\"elementor-section elementor-top-section elementor-element elementor-element-a2c02b9 elementor-section-boxed elementor-section-height-default elementor-section-height-default\" data-id=\"a2c02b9\" data-element_type=\"section\">\n\t\t\t\t\t\t<div class=\"elementor-container elementor-column-gap-default\">\n\t\t\t\t\t<div class=\"elementor-column elementor-col-100 elementor-top-column elementor-element elementor-element-914b90b\" data-id=\"914b90b\" data-element_type=\"column\">\n\t\t\t<div class=\"elementor-widget-wrap elementor-element-populated\">\n\t\t\t\t\t\t\t\t<div class=\"elementor-element elementor-element-316f6f3 elementor-widget elementor-widget-heading\" data-id=\"316f6f3\" data-element_type=\"widget\" data-widget_type=\"heading.default\">\n\t\t\t\t<div class=\"elementor-widget-container\">\n\t\t\t<h2 class=\"elementor-heading-title elementor-size-default\">Sucursales (CABA)<\/h2>\t\t<\/div>\n\t\t\t\t<\/div>\n\t\t\t\t\t<\/div>\n\t\t<\/div>\n\t\t\t\t\t\t\t<\/div>\n\t\t<\/section>\n\t\t\t\t<section class=\"elementor-section elementor-top-section elementor-element elementor-element-a2c2b76 elementor-section-boxed elementor-section-height-default elementor-section-height-default\" data-id=\"a2c2b76\" data-element_type=\"section\">\n\t\t\t\t\t\t<div class=\"elementor-container elementor-column-gap-default\">\n\t\t\t\t\t<div class=\"elementor-column elementor-col-50 elementor-top-column elementor-element elementor-element-1e602b1\" data-id=\"1e602b1\" data-element_type=\"column\">\n\t\t\t<div class=\"elementor-widget-wrap elementor-element-populated\">\n\t\t\t\t\t\t\t\t<div class=\"elementor-element elementor-element-dbb9346 elementor-widget elementor-widget-heading\" data-id=\"dbb9346\" data-element_type=\"widget\" data-widget_type=\"heading.default\">\n\t\t\t\t<div class=\"elementor-widget-container\">\n\t\t\t<h2 class=\"elementor-heading-title elementor-size-default\">Once - Abasto<\/h2>\t\t<\/div>\n\t\t\t\t<\/div>\n\t\t\t\t\t<\/div>\n\t\t<\/div>\n\t\t\t\t<div class=\"elementor-column elementor-col-50 elementor-top-column elementor-element elementor-element-4cf885e\" data-id=\"4cf885e\" data-element_type=\"column\">\n\t\t\t<div class=\"elementor-widget-wrap elementor-element-populated\">\n\t\t\t\t\t\t\t\t<div class=\"elementor-element elementor-element-4361ba6 elementor-widget elementor-widget-heading\" data-id=\"4361ba6\" data-element_type=\"widget\" data-widget_type=\"heading.default\">\n\t\t\t\t<div class=\"elementor-widget-container\">\n\t\t\t<h2 class=\"elementor-heading-title elementor-size-default\">Pompeya<\/h2>\t\t<\/div>\n\t\t\t\t<\/div>\n\t\t\t\t\t<\/div>\n\t\t<\/div>\n\t\t\t\t\t\t\t<\/div>\n\t\t<\/section>\n\t\t\t\t<section class=\"elementor-section elementor-top-section elementor-element elementor-element-570678e elementor-section-boxed elementor-section-height-default elementor-section-height-default\" data-id=\"570678e\" data-element_type=\"section\">\n\t\t\t\t\t\t<div class=\"elementor-container elementor-column-gap-default\">\n\t\t\t\t\t<div class=\"elementor-column elementor-col-50 elementor-top-column elementor-element elementor-element-7efbb2d\" data-id=\"7efbb2d\" data-element_type=\"column\">\n\t\t\t<div class=\"elementor-widget-wrap elementor-element-populated\">\n\t\t\t\t\t\t\t\t<div class=\"elementor-element elementor-element-808789a elementor-widget elementor-widget-google_maps\" data-id=\"808789a\" data-element_type=\"widget\" data-widget_type=\"google_maps.default\">\n\t\t\t\t<div class=\"elementor-widget-container\">\n\t\t\t<style>\/*! elementor - v3.6.6 - 08-06-2022 *\/\n.elementor-widget-google_maps .elementor-widget-container{overflow:hidden}.elementor-widget-google_maps iframe{height:300px}<\/style>\t\t<div class=\"elementor-custom-embed\">\n\t\t\t<iframe frameborder=\"0\" scrolling=\"no\" marginheight=\"0\" marginwidth=\"0\"\n\t\t\t\t\tsrc=\"https:\/\/maps.google.com\/maps?q=Caba%20pueyrredon%20443&#038;t=m&#038;z=15&#038;output=embed&#038;iwloc=near\"\n\t\t\t\t\ttitle=\"Caba pueyrredon 443\"\n\t\t\t\t\taria-label=\"Caba pueyrredon 443\"\n\t\t\t><\/iframe>\n\t\t<\/div>\n\t\t\t\t<\/div>\n\t\t\t\t<\/div>\n\t\t\t\t\t<\/div>\n\t\t<\/div>\n\t\t\t\t<div class=\"elementor-column elementor-col-50 elementor-top-column elementor-element elementor-element-f08a9fb\" data-id=\"f08a9fb\" data-element_type=\"column\">\n\t\t\t<div class=\"elementor-widget-wrap elementor-element-populated\">\n\t\t\t\t\t\t\t\t<div class=\"elementor-element elementor-element-5fcbf71 elementor-widget elementor-widget-google_maps\" data-id=\"5fcbf71\" data-element_type=\"widget\" data-widget_type=\"google_maps.default\">\n\t\t\t\t<div class=\"elementor-widget-container\">\n\t\t\t\t\t<div class=\"elementor-custom-embed\">\n\t\t\t<iframe frameborder=\"0\" scrolling=\"no\" marginheight=\"0\" marginwidth=\"0\"\n\t\t\t\t\tsrc=\"https:\/\/maps.google.com\/maps?q=CABA%2C%20Beazley%203728&#038;t=m&#038;z=15&#038;output=embed&#038;iwloc=near\"\n\t\t\t\t\ttitle=\"CABA, Beazley 3728\"\n\t\t\t\t\taria-label=\"CABA, Beazley 3728\"\n\t\t\t><\/iframe>\n\t\t<\/div>\n\t\t\t\t<\/div>\n\t\t\t\t<\/div>\n\t\t\t\t\t<\/div>\n\t\t<\/div>\n\t\t\t\t\t\t\t<\/div>\n\t\t<\/section>\n\t\t\t\t<section class=\"elementor-section elementor-top-section elementor-element elementor-element-4d02071 elementor-section-boxed elementor-section-height-default elementor-section-height-default\" data-id=\"4d02071\" data-element_type=\"section\">\n\t\t\t\t\t\t<div class=\"elementor-container elementor-column-gap-default\">\n\t\t\t\t\t<div class=\"elementor-column elementor-col-50 elementor-top-column elementor-element elementor-element-51e12c8\" data-id=\"51e12c8\" data-element_type=\"column\">\n\t\t\t<div class=\"elementor-widget-wrap elementor-element-populated\">\n\t\t\t\t\t\t\t\t<div class=\"elementor-element elementor-element-4265e2f elementor-widget elementor-widget-text-editor\" data-id=\"4265e2f\" data-element_type=\"widget\" data-widget_type=\"text-editor.default\">\n\t\t\t\t<div class=\"elementor-widget-container\">\n\t\t\t\t\t\t\t<p style=\"text-align: center;\">Av. Pueyrredon 443 | Piso 3, depto 1<\/p>\t\t\t\t\t\t<\/div>\n\t\t\t\t<\/div>\n\t\t\t\t\t<\/div>\n\t\t<\/div>\n\t\t\t\t<div class=\"elementor-column elementor-col-50 elementor-top-column elementor-element elementor-element-8a0b5b2\" data-id=\"8a0b5b2\" data-element_type=\"column\">\n\t\t\t<div class=\"elementor-widget-wrap elementor-element-populated\">\n\t\t\t\t\t\t\t\t<div class=\"elementor-element elementor-element-714bc9a elementor-widget elementor-widget-text-editor\" data-id=\"714bc9a\" data-element_type=\"widget\" data-widget_type=\"text-editor.default\">\n\t\t\t\t<div class=\"elementor-widget-container\">\n\t\t\t\t\t\t\t<p style=\"text-align: center;\">Beazley 3728<\/p>\t\t\t\t\t\t<\/div>\n\t\t\t\t<\/div>\n\t\t\t\t\t<\/div>\n\t\t<\/div>\n\t\t\t\t\t\t\t<\/div>\n\t\t<\/section>\n\t\t\t\t\t\t\t<\/div>\n\t\t","protected":false},"excerpt":{"rendered":"<p>SILISQUI Odontolog\u00eda Un grupo de profesionales con talento, honestidad, destreza y experiencia. Con atenci\u00f3n personalizada, porque cada paciente es diferente. El objetivo es brindar un trato de alta calidad y explicaciones f\u00e1ciles de entender.\u00a0 Nos encanta lo que hacemos, y<\/p>\n","protected":false},"author":1,"featured_media":1747,"parent":0,"menu_order":0,"comment_status":"closed","ping_status":"closed","template":"","meta":{"om_disable_all_campaigns":false,"_monsterinsights_skip_tracking":false,"_monsterinsights_sitenote_active":false,"_monsterinsights_sitenote_note":"","_monsterinsights_sitenote_category":0,"_joinchat":[],"footnotes":""},"class_list":["post-686","page","type-page","status-publish","has-post-thumbnail","hentry"],"_links":{"self":[{"href":"https:\/\/silisquiodontologia.com\/index.php?rest_route=\/wp\/v2\/pages\/686","targetHints":{"allow":["GET"]}}],"collection":[{"href":"https:\/\/silisquiodontologia.com\/index.php?rest_route=\/wp\/v2\/pages"}],"about":[{"href":"https:\/\/silisquiodontologia.com\/index.php?rest_route=\/wp\/v2\/types\/page"}],"author":[{"embeddable":true,"href":"https:\/\/silisquiodontologia.com\/index.php?rest_route=\/wp\/v2\/users\/1"}],"replies":[{"embeddable":true,"href":"https:\/\/silisquiodontologia.com\/index.php?rest_route=%2Fwp%2Fv2%2Fcomments&post=686"}],"version-history":[{"count":36,"href":"https:\/\/silisquiodontologia.com\/index.php?rest_route=\/wp\/v2\/pages\/686\/revisions"}],"predecessor-version":[{"id":2122,"href":"https:\/\/silisquiodontologia.com\/index.php?rest_route=\/wp\/v2\/pages\/686\/revisions\/2122"}],"wp:featuredmedia":[{"embeddable":true,"href":"https:\/\/silisquiodontologia.com\/index.php?rest_route=\/wp\/v2\/media\/1747"}],"wp:attachment":[{"href":"https:\/\/silisquiodontologia.com\/index.php?rest_route=%2Fwp%2Fv2%2Fmedia&parent=686"}],"curies":[{"name":"wp","href":"https:\/\/api.w.org\/{rel}","templated":true}]}}