{"id":250,"date":"2020-03-26T18:06:02","date_gmt":"2020-03-26T21:06:02","guid":{"rendered":"https:\/\/atomic-temporary-168566250.wpcomstaging.com\/?page_id=250"},"modified":"2024-09-19T23:02:56","modified_gmt":"2024-09-19T23:02:56","slug":"urgencias-smart","status":"publish","type":"page","link":"https:\/\/silisquiodontologia.com\/?page_id=250","title":{"rendered":"URGENCIAS ODONTOL\u00d3GICAS"},"content":{"rendered":"\t\t<div data-elementor-type=\"wp-page\" data-elementor-id=\"250\" class=\"elementor elementor-250\">\n\t\t\t\t\t\t\t\t\t<section class=\"elementor-section elementor-top-section elementor-element elementor-element-5712e714 elementor-section-boxed elementor-section-height-default elementor-section-height-default\" data-id=\"5712e714\" data-element_type=\"section\">\n\t\t\t\t\t\t<div class=\"elementor-container elementor-column-gap-default\">\n\t\t\t\t\t<div class=\"elementor-column elementor-col-100 elementor-top-column elementor-element elementor-element-6852b221\" data-id=\"6852b221\" data-element_type=\"column\">\n\t\t\t<div class=\"elementor-widget-wrap elementor-element-populated\">\n\t\t\t\t\t\t\t\t<div class=\"elementor-element elementor-element-6c2d4ec elementor-widget elementor-widget-image\" data-id=\"6c2d4ec\" data-element_type=\"widget\" data-widget_type=\"image.default\">\n\t\t\t\t<div class=\"elementor-widget-container\">\n\t\t\t<style>\/*! elementor - v3.6.6 - 08-06-2022 *\/\n.elementor-widget-image{text-align:center}.elementor-widget-image a{display:inline-block}.elementor-widget-image a img[src$=\".svg\"]{width:48px}.elementor-widget-image img{vertical-align:middle;display:inline-block}<\/style>\t\t\t\t\t\t\t\t\t\t\t\t<img loading=\"lazy\" decoding=\"async\" width=\"642\" height=\"300\" src=\"https:\/\/silisquiodontologia.com\/wp-content\/uploads\/2024\/08\/thumbnail_Picsart_24-08-05_17-17-15-748-642x300.jpg\" class=\"attachment-featured size-featured\" alt=\"\" srcset=\"https:\/\/silisquiodontologia.com\/wp-content\/uploads\/2024\/08\/thumbnail_Picsart_24-08-05_17-17-15-748-642x300.jpg 642w, https:\/\/silisquiodontologia.com\/wp-content\/uploads\/2024\/08\/thumbnail_Picsart_24-08-05_17-17-15-748-750x350.jpg 750w\" sizes=\"auto, (max-width: 642px) 100vw, 642px\" \/>\t\t\t\t\t\t\t\t\t\t\t\t\t\t\t<\/div>\n\t\t\t\t<\/div>\n\t\t\t\t<div class=\"elementor-element elementor-element-20190c42 elementor-widget elementor-widget-text-editor\" data-id=\"20190c42\" data-element_type=\"widget\" data-widget_type=\"text-editor.default\">\n\t\t\t\t<div class=\"elementor-widget-container\">\n\t\t\t<style>\/*! elementor - v3.6.6 - 08-06-2022 *\/\n.elementor-widget-text-editor.elementor-drop-cap-view-stacked .elementor-drop-cap{background-color:#818a91;color:#fff}.elementor-widget-text-editor.elementor-drop-cap-view-framed .elementor-drop-cap{color:#818a91;border:3px solid;background-color:transparent}.elementor-widget-text-editor:not(.elementor-drop-cap-view-default) .elementor-drop-cap{margin-top:8px}.elementor-widget-text-editor:not(.elementor-drop-cap-view-default) .elementor-drop-cap-letter{width:1em;height:1em}.elementor-widget-text-editor .elementor-drop-cap{float:left;text-align:center;line-height:1;font-size:50px}.elementor-widget-text-editor .elementor-drop-cap-letter{display:inline-block}<\/style>\t\t\t\t<p><!-- wp:paragraph --><\/p>\n<p><!-- \/wp:paragraph --><\/p>\n<p>\u00a0URGENCIAS ODONTOL\u00d3GICAS\u00a0 FUERA DE HORARIO, FIN DE SEMANA Y FERIADOS<\/p>\n<p>Escriba un mensaje al 1159585933, y un Miembro de nuestro grupo de atenci\u00f3n ser\u00e1 alertado\u00a0 de inmediato y se comunicara lo antes posible.<span style=\"font-size: 28px; background-color: #f8f9fa; color: #202124; white-space-collapse: preserve;\"><br \/><\/span><\/p>\n<p>Nuestra L\u00ednea de Urgencia dental esta las 24 horas al d\u00eda y los 7 d\u00edas a la semana.<\/p>\n<p style=\"text-align: left;\"><span style=\"color: #0c962f;\">En Situaciones de Dolor Agudo, Fracturas por Accidentes, Fracturas Prot\u00e9ticas, Abscesos y Cualquier otra situaci\u00f3n que requiera la Inmediata Atenci\u00f3n, Comun\u00edquese o Escr\u00edba al Whatsapp:<\/span><\/p>\n<h1 style=\"text-align: center;\"><span style=\"color: #0c962f;\"><strong>11 59585933<\/strong><\/span><\/h1>\n<p><!-- \/wp:coblocks\/gallery-collage --><\/p>\t\t\t\t\t\t<\/div>\n\t\t\t\t<\/div>\n\t\t\t\t\t<\/div>\n\t\t<\/div>\n\t\t\t\t\t\t\t<\/div>\n\t\t<\/section>\n\t\t\t\t<section class=\"elementor-section elementor-top-section elementor-element elementor-element-8f5a098 elementor-section-boxed elementor-section-height-default elementor-section-height-default\" data-id=\"8f5a098\" data-element_type=\"section\">\n\t\t\t\t\t\t<div class=\"elementor-container elementor-column-gap-default\">\n\t\t\t\t\t<div class=\"elementor-column elementor-col-100 elementor-top-column elementor-element elementor-element-823f723\" data-id=\"823f723\" data-element_type=\"column\">\n\t\t\t<div class=\"elementor-widget-wrap\">\n\t\t\t\t\t\t\t\t\t<\/div>\n\t\t<\/div>\n\t\t\t\t\t\t\t<\/div>\n\t\t<\/section>\n\t\t\t\t\t\t\t<\/div>\n\t\t","protected":false},"excerpt":{"rendered":"<p>\u00a0URGENCIAS ODONTOL\u00d3GICAS\u00a0 FUERA DE HORARIO, FIN DE SEMANA Y FERIADOS Escriba un mensaje al 1159585933, y un Miembro de nuestro grupo de atenci\u00f3n ser\u00e1 alertado\u00a0 de inmediato y se comunicara lo antes posible. Nuestra L\u00ednea de Urgencia dental esta las<\/p>\n","protected":false},"author":1,"featured_media":0,"parent":0,"menu_order":0,"comment_status":"closed","ping_status":"closed","template":"","meta":{"om_disable_all_campaigns":false,"_monsterinsights_skip_tracking":false,"_monsterinsights_sitenote_active":false,"_monsterinsights_sitenote_note":"","_monsterinsights_sitenote_category":0,"_joinchat":[],"footnotes":""},"class_list":["post-250","page","type-page","status-publish","hentry"],"_links":{"self":[{"href":"https:\/\/silisquiodontologia.com\/index.php?rest_route=\/wp\/v2\/pages\/250","targetHints":{"allow":["GET"]}}],"collection":[{"href":"https:\/\/silisquiodontologia.com\/index.php?rest_route=\/wp\/v2\/pages"}],"about":[{"href":"https:\/\/silisquiodontologia.com\/index.php?rest_route=\/wp\/v2\/types\/page"}],"author":[{"embeddable":true,"href":"https:\/\/silisquiodontologia.com\/index.php?rest_route=\/wp\/v2\/users\/1"}],"replies":[{"embeddable":true,"href":"https:\/\/silisquiodontologia.com\/index.php?rest_route=%2Fwp%2Fv2%2Fcomments&post=250"}],"version-history":[{"count":15,"href":"https:\/\/silisquiodontologia.com\/index.php?rest_route=\/wp\/v2\/pages\/250\/revisions"}],"predecessor-version":[{"id":2173,"href":"https:\/\/silisquiodontologia.com\/index.php?rest_route=\/wp\/v2\/pages\/250\/revisions\/2173"}],"wp:attachment":[{"href":"https:\/\/silisquiodontologia.com\/index.php?rest_route=%2Fwp%2Fv2%2Fmedia&parent=250"}],"curies":[{"name":"wp","href":"https:\/\/api.w.org\/{rel}","templated":true}]}}