{"id":1226,"date":"2020-10-28T19:04:33","date_gmt":"2020-10-28T19:04:33","guid":{"rendered":"https:\/\/atomic-temporary-168566250.wpcomstaging.com\/?page_id=1226"},"modified":"2024-10-24T14:35:07","modified_gmt":"2024-10-24T14:35:07","slug":"central-de-turnos","status":"publish","type":"page","link":"https:\/\/silisquiodontologia.com\/?page_id=1226","title":{"rendered":"PRIMERA CONSULTA"},"content":{"rendered":"\t\t<div data-elementor-type=\"wp-page\" data-elementor-id=\"1226\" class=\"elementor elementor-1226\">\n\t\t\t\t\t\t\t\t\t<section class=\"elementor-section elementor-top-section elementor-element elementor-element-1e745b0 elementor-section-boxed elementor-section-height-default elementor-section-height-default\" data-id=\"1e745b0\" data-element_type=\"section\">\n\t\t\t\t\t\t<div class=\"elementor-container elementor-column-gap-default\">\n\t\t\t\t\t<div class=\"elementor-column elementor-col-50 elementor-top-column elementor-element elementor-element-01eb0ee\" data-id=\"01eb0ee\" data-element_type=\"column\">\n\t\t\t<div class=\"elementor-widget-wrap elementor-element-populated\">\n\t\t\t\t\t\t\t\t<div class=\"elementor-element elementor-element-bce7e2a elementor-widget elementor-widget-text-editor\" data-id=\"bce7e2a\" data-element_type=\"widget\" data-widget_type=\"text-editor.default\">\n\t\t\t\t<div class=\"elementor-widget-container\">\n\t\t\t<style>\/*! elementor - v3.6.6 - 08-06-2022 *\/\n.elementor-widget-text-editor.elementor-drop-cap-view-stacked .elementor-drop-cap{background-color:#818a91;color:#fff}.elementor-widget-text-editor.elementor-drop-cap-view-framed .elementor-drop-cap{color:#818a91;border:3px solid;background-color:transparent}.elementor-widget-text-editor:not(.elementor-drop-cap-view-default) .elementor-drop-cap{margin-top:8px}.elementor-widget-text-editor:not(.elementor-drop-cap-view-default) .elementor-drop-cap-letter{width:1em;height:1em}.elementor-widget-text-editor .elementor-drop-cap{float:left;text-align:center;line-height:1;font-size:50px}.elementor-widget-text-editor .elementor-drop-cap-letter{display:inline-block}<\/style>\t\t\t\t<p><b><u>Informaci\u00f3n<\/u> <u>para<\/u> <u>tu<\/u> <u>primera consulta:<\/u><\/b><\/p><p><span style=\"font-family: Aldrich; font-size: 16px;\">les presentamos una atenci\u00f3n integral para cubrir todas sus necesidades odontol\u00f3gicas. La consulta inicial incluye radiograf\u00edas esenciales para un diagn\u00f3stico preciso y un plan de tratamiento.<\/span><\/p>\n<div>\n<div><b style=\"text-decoration-line: underline;\">Costos<\/b><b> <u>y<\/u><\/b><b> <\/b><b style=\"text-decoration-line: underline;\">Bonificaciones<\/b><b>:<\/b><\/div>\n<ul>\n<li>La consulta tiene un costo m\u00ednimo, el cual se puede consultar comunic\u00e1ndose por whatsapp +54 1159585933 \u00f3 presencialmente en los consultorios.<\/li>\n<li><b>Esta consulta puede ser bonificada<\/b>&nbsp; en caso iniciar un tratamiento,&nbsp; una prestaci\u00f3n, extracci\u00f3n, restauraci\u00f3n, limpieza.<\/li>\n<li>Los costos de las prestaciones de salud y los tratamientos se informan en el lugar luego de su diagn\u00f3stico.<\/li>\n<\/ul>\n<\/div>\n<div><b><u>&nbsp;<\/u><span style=\"font-size: 16px;\"><u>Diagn\u00f3stico<\/u> <u>detallado<\/u>:<\/span><\/b><\/div>\n<ul>\n<li>Despu\u00e9s de la consulta, le proporcionaremos un diagn\u00f3stico y un Plan de Tratamiento en forma escrita y detallada.<\/li>\n<li>Los Importes y sus posibles formas de pago de los tratamientos se informar\u00e1n en el consultorio, adaptados a sus necesidades espec\u00edficas.<\/li>\n<\/ul>\n<div><b>&nbsp;<span style=\"font-size: 16px;\">Si est\u00e1 buscando servicios de salud en odontolog\u00eda general, cirug\u00eda oral, odontopediatr\u00eda, ortodoncia, implantolog\u00eda \u00f3 endodoncia, le invitamos a visitar nuestros consultorios en:<\/span><\/b><b><span style=\"font-size: 16px;\"><br><\/span><\/b><br><b>&#8211; POMPEYA:&nbsp; &nbsp; &nbsp; &nbsp; &nbsp; &nbsp; &nbsp; Calle&nbsp; &nbsp; Beazley&nbsp; 3728<\/b><\/div>\n<div><b>&#8211; ONCE\/ABASTO : Av. Pueyrred\u00f3n 443 piso 3 depto. A<\/b><\/div>\n<div><b><span style=\"font-size: 16px;\">&nbsp;<\/span><\/b><\/div>\t\t\t\t\t\t<\/div>\n\t\t\t\t<\/div>\n\t\t\t\t\t<\/div>\n\t\t<\/div>\n\t\t\t\t<div class=\"elementor-column elementor-col-50 elementor-top-column elementor-element elementor-element-bd0b4b4\" data-id=\"bd0b4b4\" data-element_type=\"column\">\n\t\t\t<div class=\"elementor-widget-wrap elementor-element-populated\">\n\t\t\t\t\t\t\t\t<div class=\"elementor-element elementor-element-e7890c1 elementor-invisible elementor-widget elementor-widget-image\" data-id=\"e7890c1\" data-element_type=\"widget\" data-settings=\"{&quot;_animation&quot;:&quot;fadeInLeft&quot;}\" data-widget_type=\"image.default\">\n\t\t\t\t<div class=\"elementor-widget-container\">\n\t\t\t<style>\/*! elementor - v3.6.6 - 08-06-2022 *\/\n.elementor-widget-image{text-align:center}.elementor-widget-image a{display:inline-block}.elementor-widget-image a img[src$=\".svg\"]{width:48px}.elementor-widget-image img{vertical-align:middle;display:inline-block}<\/style>\t\t\t\t\t\t\t\t\t\t\t\t<img loading=\"lazy\" decoding=\"async\" width=\"1283\" height=\"2560\" src=\"https:\/\/silisquiodontologia.com\/wp-content\/uploads\/2024\/08\/Fotogaleria-scaled.jpg\" class=\"attachment-full size-full\" alt=\"\" srcset=\"https:\/\/silisquiodontologia.com\/wp-content\/uploads\/2024\/08\/Fotogaleria-scaled.jpg 1283w, https:\/\/silisquiodontologia.com\/wp-content\/uploads\/2024\/08\/Fotogaleria-150x300.jpg 150w, https:\/\/silisquiodontologia.com\/wp-content\/uploads\/2024\/08\/Fotogaleria-513x1024.jpg 513w, https:\/\/silisquiodontologia.com\/wp-content\/uploads\/2024\/08\/Fotogaleria-768x1532.jpg 768w, https:\/\/silisquiodontologia.com\/wp-content\/uploads\/2024\/08\/Fotogaleria-770x1536.jpg 770w, https:\/\/silisquiodontologia.com\/wp-content\/uploads\/2024\/08\/Fotogaleria-1026x2048.jpg 1026w\" sizes=\"auto, (max-width: 1283px) 100vw, 1283px\" \/>\t\t\t\t\t\t\t\t\t\t\t\t\t\t\t<\/div>\n\t\t\t\t<\/div>\n\t\t\t\t\t<\/div>\n\t\t<\/div>\n\t\t\t\t\t\t\t<\/div>\n\t\t<\/section>\n\t\t\t\t\t\t\t<\/div>\n\t\t","protected":false},"excerpt":{"rendered":"<p>Informaci\u00f3n para tu primera consulta: les presentamos una atenci\u00f3n integral para cubrir todas sus necesidades odontol\u00f3gicas. La consulta inicial incluye radiograf\u00edas esenciales para un diagn\u00f3stico preciso y un plan de tratamiento. Costos y Bonificaciones: La consulta tiene un costo m\u00ednimo,<\/p>\n","protected":false},"author":1,"featured_media":0,"parent":0,"menu_order":0,"comment_status":"closed","ping_status":"closed","template":"","meta":{"om_disable_all_campaigns":false,"_monsterinsights_skip_tracking":false,"_monsterinsights_sitenote_active":false,"_monsterinsights_sitenote_note":"","_monsterinsights_sitenote_category":0,"_joinchat":[],"footnotes":""},"class_list":["post-1226","page","type-page","status-publish","hentry"],"_links":{"self":[{"href":"https:\/\/silisquiodontologia.com\/index.php?rest_route=\/wp\/v2\/pages\/1226","targetHints":{"allow":["GET"]}}],"collection":[{"href":"https:\/\/silisquiodontologia.com\/index.php?rest_route=\/wp\/v2\/pages"}],"about":[{"href":"https:\/\/silisquiodontologia.com\/index.php?rest_route=\/wp\/v2\/types\/page"}],"author":[{"embeddable":true,"href":"https:\/\/silisquiodontologia.com\/index.php?rest_route=\/wp\/v2\/users\/1"}],"replies":[{"embeddable":true,"href":"https:\/\/silisquiodontologia.com\/index.php?rest_route=%2Fwp%2Fv2%2Fcomments&post=1226"}],"version-history":[{"count":57,"href":"https:\/\/silisquiodontologia.com\/index.php?rest_route=\/wp\/v2\/pages\/1226\/revisions"}],"predecessor-version":[{"id":2177,"href":"https:\/\/silisquiodontologia.com\/index.php?rest_route=\/wp\/v2\/pages\/1226\/revisions\/2177"}],"wp:attachment":[{"href":"https:\/\/silisquiodontologia.com\/index.php?rest_route=%2Fwp%2Fv2%2Fmedia&parent=1226"}],"curies":[{"name":"wp","href":"https:\/\/api.w.org\/{rel}","templated":true}]}}